{"id":11,"date":"2021-07-13T11:21:17","date_gmt":"2021-07-13T11:21:17","guid":{"rendered":"http:\/\/192.168.0.108\/bizup\/?page_id=11"},"modified":"2024-01-17T11:13:59","modified_gmt":"2024-01-17T11:13:59","slug":"hakkimizda","status":"publish","type":"page","link":"https:\/\/kurtkoygunlukkiralik.com\/index.php\/hakkimizda\/","title":{"rendered":"Hakk\u0131m\u0131zda"},"content":{"rendered":"\t\t<div data-elementor-type=\"wp-page\" data-elementor-id=\"11\" class=\"elementor elementor-11\">\n\t\t\t\t\t\t\t\t\t<section class=\"elementor-section elementor-top-section elementor-element elementor-element-eccc73a elementor-section-stretched elementor-section-boxed elementor-section-height-default elementor-section-height-default\" data-id=\"eccc73a\" data-element_type=\"section\" data-settings=\"{&quot;stretch_section&quot;:&quot;section-stretched&quot;,&quot;background_background&quot;:&quot;classic&quot;}\">\n\t\t\t\t\t\t\t<div class=\"elementor-background-overlay\"><\/div>\n\t\t\t\t\t\t\t<div class=\"elementor-container elementor-column-gap-default\">\n\t\t\t\t\t<div class=\"elementor-column elementor-col-50 elementor-top-column elementor-element elementor-element-43cd372\" data-id=\"43cd372\" data-element_type=\"column\">\n\t\t\t<div class=\"elementor-widget-wrap elementor-element-populated\">\n\t\t\t\t\t\t\t\t<div class=\"elementor-element elementor-element-73227fb elementor-widget elementor-widget-rs-heading\" data-id=\"73227fb\" data-element_type=\"widget\" data-widget_type=\"rs-heading.default\">\n\t\t\t\t<div class=\"elementor-widget-container\">\n\t\t\t\n        <div class=\"prelements-heading style4 animate- \">\n        \t<div class=\"title-inner\"> \n\t        \t       \t\t      \t\t\n\t            <h1 class=\"title\"><span class=\"watermark\">Hakk\u0131m\u0131zda<\/span>Hakk\u0131m\u0131zda<\/h1><span class=\"sub-text\">Misafirlerimizin ihtiya\u00e7lar\u0131na odaklanarak, \u015fehir merkezine yak\u0131n konumda bulunan ve modern olanaklarla donat\u0131lm\u0131\u015f dairelerimizde konaklama imkan\u0131 sa\u011fl\u0131yoruz. <\/span>\t\t\t\t\n\t\t\t\t\t        <\/div>\n\t                <\/div>\n        \t\t<\/div>\n\t\t\t\t<\/div>\n\t\t\t\t\t<\/div>\n\t\t<\/div>\n\t\t\t\t<div class=\"elementor-column elementor-col-50 elementor-top-column elementor-element elementor-element-f31d1d8\" data-id=\"f31d1d8\" data-element_type=\"column\">\n\t\t\t<div class=\"elementor-widget-wrap\">\n\t\t\t\t\t\t\t\t\t<\/div>\n\t\t<\/div>\n\t\t\t\t\t\t\t<\/div>\n\t\t<\/section>\n\t\t\t\t<section class=\"elementor-section elementor-top-section elementor-element elementor-element-947ae97 elementor-section-content-middle elementor-section-stretched elementor-section-boxed elementor-section-height-default elementor-section-height-default\" data-id=\"947ae97\" data-element_type=\"section\" data-settings=\"{&quot;stretch_section&quot;:&quot;section-stretched&quot;}\">\n\t\t\t\t\t\t<div class=\"elementor-container elementor-column-gap-wide\">\n\t\t\t\t\t<div class=\"elementor-column elementor-col-50 elementor-top-column elementor-element elementor-element-7093d1e animated-slow\" data-id=\"7093d1e\" data-element_type=\"column\" data-settings=\"{&quot;animation&quot;:&quot;none&quot;,&quot;animation_delay&quot;:500}\">\n\t\t\t<div class=\"elementor-widget-wrap elementor-element-populated\">\n\t\t\t\t\t\t\t\t<div class=\"elementor-element elementor-element-0104d5e animated-slow elementor-widget elementor-widget-image\" data-id=\"0104d5e\" data-element_type=\"widget\" data-settings=\"{&quot;_animation&quot;:&quot;none&quot;}\" data-widget_type=\"image.default\">\n\t\t\t\t<div class=\"elementor-widget-container\">\n\t\t\t<style>\/*! elementor - v3.18.0 - 20-12-2023 *\/\n.elementor-widget-image{text-align:center}.elementor-widget-image a{display:inline-block}.elementor-widget-image a img[src$=\".svg\"]{width:48px}.elementor-widget-image img{vertical-align:middle;display:inline-block}<\/style>\t\t\t\t\t\t\t\t\t\t\t\t<img decoding=\"async\" src=\"https:\/\/kurtkoygunlukkiralik.com\/wp-content\/uploads\/elementor\/thumbs\/DSC01234-1-qifpw3nbcsyi299y7py12kwgtiorognbxmjok5pcuw.jpg\" title=\"DSC01234-1\" alt=\"DSC01234-1\" loading=\"lazy\" \/>\t\t\t\t\t\t\t\t\t\t\t\t\t\t\t<\/div>\n\t\t\t\t<\/div>\n\t\t\t\t\t<\/div>\n\t\t<\/div>\n\t\t\t\t<div class=\"elementor-column elementor-col-50 elementor-top-column elementor-element elementor-element-9f61663\" data-id=\"9f61663\" data-element_type=\"column\">\n\t\t\t<div class=\"elementor-widget-wrap elementor-element-populated\">\n\t\t\t\t\t\t\t\t<div class=\"elementor-element elementor-element-b1d98bd elementor-widget elementor-widget-rs-heading\" data-id=\"b1d98bd\" data-element_type=\"widget\" data-widget_type=\"rs-heading.default\">\n\t\t\t\t<div class=\"elementor-widget-container\">\n\t\t\t\n        <div class=\"prelements-heading style4 animate- \">\n        \t<div class=\"title-inner\"> \n\t        \t       \t\t      \t\t\n\t            <h2 class=\"title\"><span class=\"watermark\"><\/span>Kurtk\u00f6y<\/h2>\t\t\t\t\n\t\t\t\t\t        <\/div>\n\t                    \t<div class=\"description\">\n            \t\t            \t\t<p>G\u00fcnl\u00fck Kiral\u0131k: Konfor ve Rahatl\u0131\u011f\u0131n Bulu\u015fma Noktas\u0131<\/p>  \n            \t<\/div>\n        \t        <\/div>\n        \t\t<\/div>\n\t\t\t\t<\/div>\n\t\t\t\t<div class=\"elementor-element elementor-element-1a8ad4f elementor-widget elementor-widget-text-editor\" data-id=\"1a8ad4f\" data-element_type=\"widget\" data-widget_type=\"text-editor.default\">\n\t\t\t\t<div class=\"elementor-widget-container\">\n\t\t\t<style>\/*! elementor - v3.18.0 - 20-12-2023 *\/\n.elementor-widget-text-editor.elementor-drop-cap-view-stacked .elementor-drop-cap{background-color:#69727d;color:#fff}.elementor-widget-text-editor.elementor-drop-cap-view-framed .elementor-drop-cap{color:#69727d;border:3px solid;background-color:transparent}.elementor-widget-text-editor:not(.elementor-drop-cap-view-default) .elementor-drop-cap{margin-top:8px}.elementor-widget-text-editor:not(.elementor-drop-cap-view-default) .elementor-drop-cap-letter{width:1em;height:1em}.elementor-widget-text-editor .elementor-drop-cap{float:left;text-align:center;line-height:1;font-size:50px}.elementor-widget-text-editor .elementor-drop-cap-letter{display:inline-block}<\/style>\t\t\t\t<p>\u00a0\u00a0 Kurtk\u00f6y, \u0130stanbul&#8217;un dinamik ve h\u0131zla geli\u015fen semtlerinden biri olarak, hem i\u015f hem de tatil ama\u00e7l\u0131 seyahat edenleri kendine \u00e7ekiyor. Bu enerji dolu semtte konaklaman\u0131n en konforlu yolu ise Kurtk\u00f6y G\u00fcnl\u00fck Kiral\u0131k Dairelerde yat\u0131yor. G\u00fcnl\u00fck kiral\u0131k dairelerimiz, modern tasar\u0131m anlay\u0131\u015f\u0131yla donat\u0131lm\u0131\u015f, i\u015flevsel ve konforlu mekanlar\u0131yla \u00f6ne \u00e7\u0131k\u0131yor. Misafirlerimiz, geni\u015f oturma odalar\u0131nda rahatlayabilir, tam donan\u0131ml\u0131 mutfaklarda kendi yemeklerini haz\u0131rlayabilir ve konforlu yatak odalar\u0131nda huzurlu bir uykuya dalabilirler. Her detay\u0131n \u00f6zenle d\u00fc\u015f\u00fcn\u00fcld\u00fc\u011f\u00fc dairelerimiz, konuklar\u0131na evlerini aratmayan bir konaklama deneyimi sunuyor.<\/p><p>\u00a0\u00a0 Kurtk\u00f6y G\u00fcnl\u00fck Kiral\u0131k Daireler, \u015fehir merkezine olan yak\u0131nl\u0131\u011f\u0131yla i\u015f seyahatlerinde pratik bir konaklama sa\u011flarken, ayn\u0131 zamanda semtin pop\u00fcler al\u0131\u015fveri\u015f ve e\u011flence mekanlar\u0131na kolay ula\u015f\u0131m imkan\u0131 sunuyor. \u0130stanbul Sabiha G\u00f6k\u00e7en Havaliman\u0131&#8217;na yak\u0131nl\u0131\u011f\u0131 da seyahatlerinizi daha da kolayla\u015ft\u0131r\u0131yor.<\/p><p>\u00a0<\/p>\t\t\t\t\t\t<\/div>\n\t\t\t\t<\/div>\n\t\t\t\t\t<\/div>\n\t\t<\/div>\n\t\t\t\t\t\t\t<\/div>\n\t\t<\/section>\n\t\t\t\t<section class=\"elementor-section elementor-top-section elementor-element elementor-element-84fd195 elementor-section-stretched elementor-section-content-middle elementor-section-boxed elementor-section-height-default elementor-section-height-default\" data-id=\"84fd195\" data-element_type=\"section\" data-settings=\"{&quot;stretch_section&quot;:&quot;section-stretched&quot;,&quot;background_background&quot;:&quot;classic&quot;}\">\n\t\t\t\t\t\t<div class=\"elementor-container elementor-column-gap-default\">\n\t\t\t\t\t<div class=\"elementor-column elementor-col-100 elementor-top-column elementor-element elementor-element-15d6140\" data-id=\"15d6140\" data-element_type=\"column\" data-settings=\"{&quot;background_background&quot;:&quot;classic&quot;}\">\n\t\t\t<div class=\"elementor-widget-wrap elementor-element-populated\">\n\t\t\t\t\t\t\t\t<section class=\"elementor-section elementor-inner-section elementor-element elementor-element-103a950 elementor-section-content-middle elementor-section-boxed elementor-section-height-default elementor-section-height-default\" data-id=\"103a950\" data-element_type=\"section\">\n\t\t\t\t\t\t<div class=\"elementor-container elementor-column-gap-default\">\n\t\t\t\t\t<div class=\"elementor-column elementor-col-50 elementor-inner-column elementor-element elementor-element-7349b8e\" data-id=\"7349b8e\" data-element_type=\"column\">\n\t\t\t<div class=\"elementor-widget-wrap elementor-element-populated\">\n\t\t\t\t\t\t\t\t<div class=\"elementor-element elementor-element-61d4120 elementor-widget elementor-widget-rs-heading\" data-id=\"61d4120\" data-element_type=\"widget\" data-widget_type=\"rs-heading.default\">\n\t\t\t\t<div class=\"elementor-widget-container\">\n\t\t\t\n        <div class=\"prelements-heading style4 animate- \">\n        \t<div class=\"title-inner\"> \n\t        \t       \t\t      \t\t\n\t            <h2 class=\"title\"><span class=\"watermark\"><\/span>Konfor ve Rahatl\u0131\u011f\u0131n Bulu\u015fma Noktas\u0131<\/h2>\t\t\t\t\n\t\t\t\t\t        <\/div>\n\t                    \t<div class=\"description\">\n            \t\t            \t\t<p>\u00a0\u00a0 Misafirlerimizin g\u00fcvenli\u011fi ve konforu her \u015feyden \u00f6nce gelir. Kurtk\u00f6y G\u00fcnl\u00fck Kiral\u0131k Daireler, 24 saat g\u00fcvenlik, d\u00fczenli temizlik hizmetleri ve \u00fccretsiz Wi-Fi gibi olanaklarla donat\u0131lm\u0131\u015ft\u0131r. Bu sayede konuklar, seyahatlerinin her an\u0131n\u0131 huzurlu bir \u015fekilde ge\u00e7irebilirler.<\/p><p>\u00a0\u00a0 Kurtk\u00f6y G\u00fcnl\u00fck Kiral\u0131k Daireler, konuklar\u0131na hem \u015fehrin enerjisini hem de ev konforunu ayn\u0131 anda sunuyor. G\u00fcn\u00fcn yorgunlu\u011funu atmak, semtin gizli g\u00fczelliklerini ke\u015ffetmek ve samimi bir ortamda konaklamak isteyenler i\u00e7in ideal bir tercih.<\/p><p>\u00a0\u00a0 Unutulmaz bir \u0130stanbul deneyimi i\u00e7in Kurtk\u00f6y G\u00fcnl\u00fck Kiral\u0131k Daireler, sizleri bekliyor. \u0130ster i\u015f seyahati ister tatil olsun, konforlu ve \u015f\u0131k dairelerimizde kendinizi evinizde gibi hissedecek, Kurtk\u00f6y'\u00fcn canl\u0131 atmosferini doyas\u0131ya ya\u015fayacaks\u0131n\u0131z.<\/p>  \n            \t<\/div>\n        \t        <\/div>\n        \t\t<\/div>\n\t\t\t\t<\/div>\n\t\t\t\t\t<\/div>\n\t\t<\/div>\n\t\t\t\t<div class=\"elementor-column elementor-col-50 elementor-inner-column elementor-element elementor-element-f019248\" data-id=\"f019248\" data-element_type=\"column\">\n\t\t\t<div class=\"elementor-widget-wrap elementor-element-populated\">\n\t\t\t\t\t\t\t\t<div class=\"elementor-element elementor-element-3a0543d animated-slow elementor-widget elementor-widget-image\" data-id=\"3a0543d\" data-element_type=\"widget\" data-settings=\"{&quot;_animation&quot;:&quot;none&quot;}\" data-widget_type=\"image.default\">\n\t\t\t\t<div class=\"elementor-widget-container\">\n\t\t\t\t\t\t\t\t\t\t\t\t\t\t\t<img decoding=\"async\" src=\"https:\/\/kurtkoygunlukkiralik.com\/wp-content\/uploads\/elementor\/thumbs\/DSC01266-1-qifqz06u7y7ql8rl1jc59rh9xmxo9h3dy6l5mg0rbs.jpg\" title=\"DSC01266-1\" alt=\"DSC01266-1\" loading=\"lazy\" \/>\t\t\t\t\t\t\t\t\t\t\t\t\t\t\t<\/div>\n\t\t\t\t<\/div>\n\t\t\t\t\t<\/div>\n\t\t<\/div>\n\t\t\t\t\t\t\t<\/div>\n\t\t<\/section>\n\t\t\t\t\t<\/div>\n\t\t<\/div>\n\t\t\t\t\t\t\t<\/div>\n\t\t<\/section>\n\t\t\t\t\t\t\t<\/div>\n\t\t","protected":false},"excerpt":{"rendered":"<p>Hakk\u0131m\u0131zdaHakk\u0131m\u0131zda Misafirlerimizin ihtiya\u00e7lar\u0131na odaklanarak, \u015fehir merkezine yak\u0131n konumda bulunan ve modern olanaklarla donat\u0131lm\u0131\u015f dairelerimizde konaklama imkan\u0131 sa\u011fl\u0131yoruz. Kurtk\u00f6y G\u00fcnl\u00fck Kiral\u0131k: Konfor ve Rahatl\u0131\u011f\u0131n Bulu\u015fma Noktas\u0131 \u00a0\u00a0 Kurtk\u00f6y, \u0130stanbul&#8217;un dinamik ve h\u0131zla geli\u015fen semtlerinden biri olarak, hem i\u015f hem de tatil ama\u00e7l\u0131 seyahat edenleri kendine \u00e7ekiyor. Bu enerji dolu semtte konaklaman\u0131n en konforlu yolu ise Kurtk\u00f6y&#8230;<\/p>\n","protected":false},"author":1,"featured_media":0,"parent":0,"menu_order":0,"comment_status":"closed","ping_status":"closed","template":"","meta":{"om_disable_all_campaigns":false,"_monsterinsights_skip_tracking":false,"_monsterinsights_sitenote_active":false,"_monsterinsights_sitenote_note":"","_monsterinsights_sitenote_category":0,"footnotes":""},"class_list":["post-11","page","type-page","status-publish","hentry"],"aioseo_notices":[],"_links":{"self":[{"href":"https:\/\/kurtkoygunlukkiralik.com\/index.php\/wp-json\/wp\/v2\/pages\/11","targetHints":{"allow":["GET"]}}],"collection":[{"href":"https:\/\/kurtkoygunlukkiralik.com\/index.php\/wp-json\/wp\/v2\/pages"}],"about":[{"href":"https:\/\/kurtkoygunlukkiralik.com\/index.php\/wp-json\/wp\/v2\/types\/page"}],"author":[{"embeddable":true,"href":"https:\/\/kurtkoygunlukkiralik.com\/index.php\/wp-json\/wp\/v2\/users\/1"}],"replies":[{"embeddable":true,"href":"https:\/\/kurtkoygunlukkiralik.com\/index.php\/wp-json\/wp\/v2\/comments?post=11"}],"version-history":[{"count":13,"href":"https:\/\/kurtkoygunlukkiralik.com\/index.php\/wp-json\/wp\/v2\/pages\/11\/revisions"}],"predecessor-version":[{"id":27481,"href":"https:\/\/kurtkoygunlukkiralik.com\/index.php\/wp-json\/wp\/v2\/pages\/11\/revisions\/27481"}],"wp:attachment":[{"href":"https:\/\/kurtkoygunlukkiralik.com\/index.php\/wp-json\/wp\/v2\/media?parent=11"}],"curies":[{"name":"wp","href":"https:\/\/api.w.org\/{rel}","templated":true}]}}