{"id":23284,"date":"2021-08-08T11:23:22","date_gmt":"2021-08-08T11:23:22","guid":{"rendered":"https:\/\/keenitsolutions.com\/products\/wordpress\/bizup\/?page_id=23284"},"modified":"2024-01-17T11:35:51","modified_gmt":"2024-01-17T11:35:51","slug":"odalarimiz","status":"publish","type":"page","link":"https:\/\/kurtkoygunlukkiralik.com\/index.php\/odalarimiz\/","title":{"rendered":"Odalar\u0131m\u0131z"},"content":{"rendered":"\t\t<div data-elementor-type=\"wp-page\" data-elementor-id=\"23284\" class=\"elementor elementor-23284\">\n\t\t\t\t\t\t\t\t\t<section class=\"elementor-section elementor-top-section elementor-element elementor-element-2ad2de1 elementor-section-stretched elementor-section-boxed elementor-section-height-default elementor-section-height-default\" data-id=\"2ad2de1\" data-element_type=\"section\" data-settings=\"{&quot;stretch_section&quot;:&quot;section-stretched&quot;,&quot;background_background&quot;:&quot;classic&quot;}\">\n\t\t\t\t\t\t\t<div class=\"elementor-background-overlay\"><\/div>\n\t\t\t\t\t\t\t<div class=\"elementor-container elementor-column-gap-default\">\n\t\t\t\t\t<div class=\"elementor-column elementor-col-50 elementor-top-column elementor-element elementor-element-e9b95b1\" data-id=\"e9b95b1\" data-element_type=\"column\">\n\t\t\t<div class=\"elementor-widget-wrap elementor-element-populated\">\n\t\t\t\t\t\t\t\t<div class=\"elementor-element elementor-element-d143542 elementor-widget elementor-widget-rs-heading\" data-id=\"d143542\" data-element_type=\"widget\" data-widget_type=\"rs-heading.default\">\n\t\t\t\t<div class=\"elementor-widget-container\">\n\t\t\t\n        <div class=\"prelements-heading style4 animate- \">\n        \t<div class=\"title-inner\"> \n\t        \t       \t\t      \t\t\n\t            <h1 class=\"title\"><span class=\"watermark\">Odalar\u0131m\u0131z<\/span>Odalar\u0131m\u0131z<\/h1><span class=\"sub-text\">Odalar\u0131m\u0131z, konfor, \u015f\u0131kl\u0131k ve pratik kullan\u0131m\u0131 bir araya getirerek konuklar\u0131m\u0131za unutulmaz bir konaklama deneyimi sunmak \u00fczere \u00f6zenle tasarlanm\u0131\u015ft\u0131r. <\/span>\t\t\t\t\n\t\t\t\t\t        <\/div>\n\t                <\/div>\n        \t\t<\/div>\n\t\t\t\t<\/div>\n\t\t\t\t\t<\/div>\n\t\t<\/div>\n\t\t\t\t<div class=\"elementor-column elementor-col-50 elementor-top-column elementor-element elementor-element-788afc0\" data-id=\"788afc0\" data-element_type=\"column\">\n\t\t\t<div class=\"elementor-widget-wrap\">\n\t\t\t\t\t\t\t\t\t<\/div>\n\t\t<\/div>\n\t\t\t\t\t\t\t<\/div>\n\t\t<\/section>\n\t\t<div class=\"elementor-element elementor-element-f2e8dbe e-flex e-con-boxed e-con e-parent\" data-id=\"f2e8dbe\" data-element_type=\"container\" data-settings=\"{&quot;content_width&quot;:&quot;boxed&quot;}\" data-core-v316-plus=\"true\">\n\t\t\t\t\t<div class=\"e-con-inner\">\n\t\t\t\t<div class=\"elementor-element elementor-element-4e407ac gallery-spacing-custom elementor-widget elementor-widget-image-gallery\" data-id=\"4e407ac\" data-element_type=\"widget\" data-widget_type=\"image-gallery.default\">\n\t\t\t\t<div class=\"elementor-widget-container\">\n\t\t\t<style>\/*! elementor - v3.18.0 - 20-12-2023 *\/\n.elementor-image-gallery .gallery-item{display:inline-block;text-align:center;vertical-align:top;width:100%;max-width:100%;margin:0 auto}.elementor-image-gallery .gallery-item img{margin:0 auto}.elementor-image-gallery .gallery-item .gallery-caption{margin:0}.elementor-image-gallery figure img{display:block}.elementor-image-gallery figure figcaption{width:100%}.gallery-spacing-custom .elementor-image-gallery .gallery-icon{padding:0}@media (min-width:768px){.elementor-image-gallery .gallery-columns-2 .gallery-item{max-width:50%}.elementor-image-gallery .gallery-columns-3 .gallery-item{max-width:33.33%}.elementor-image-gallery .gallery-columns-4 .gallery-item{max-width:25%}.elementor-image-gallery .gallery-columns-5 .gallery-item{max-width:20%}.elementor-image-gallery .gallery-columns-6 .gallery-item{max-width:16.666%}.elementor-image-gallery .gallery-columns-7 .gallery-item{max-width:14.28%}.elementor-image-gallery .gallery-columns-8 .gallery-item{max-width:12.5%}.elementor-image-gallery .gallery-columns-9 .gallery-item{max-width:11.11%}.elementor-image-gallery .gallery-columns-10 .gallery-item{max-width:10%}}@media (min-width:480px) and (max-width:767px){.elementor-image-gallery .gallery.gallery-columns-2 .gallery-item,.elementor-image-gallery .gallery.gallery-columns-3 .gallery-item,.elementor-image-gallery .gallery.gallery-columns-4 .gallery-item,.elementor-image-gallery .gallery.gallery-columns-5 .gallery-item,.elementor-image-gallery .gallery.gallery-columns-6 .gallery-item,.elementor-image-gallery .gallery.gallery-columns-7 .gallery-item,.elementor-image-gallery .gallery.gallery-columns-8 .gallery-item,.elementor-image-gallery .gallery.gallery-columns-9 .gallery-item,.elementor-image-gallery .gallery.gallery-columns-10 .gallery-item{max-width:50%}}@media (max-width:479px){.elementor-image-gallery .gallery.gallery-columns-2 .gallery-item,.elementor-image-gallery .gallery.gallery-columns-3 .gallery-item,.elementor-image-gallery .gallery.gallery-columns-4 .gallery-item,.elementor-image-gallery .gallery.gallery-columns-5 .gallery-item,.elementor-image-gallery .gallery.gallery-columns-6 .gallery-item,.elementor-image-gallery .gallery.gallery-columns-7 .gallery-item,.elementor-image-gallery .gallery.gallery-columns-8 .gallery-item,.elementor-image-gallery .gallery.gallery-columns-9 .gallery-item,.elementor-image-gallery .gallery.gallery-columns-10 .gallery-item{max-width:100%}}<\/style>\t\t<div class=\"elementor-image-gallery\">\n\t\t\t<div id='gallery-1' class='gallery galleryid-23284 gallery-columns-4 gallery-size-rsaddon-team-round-style'><figure class='gallery-item'>\n\t\t\t<div class='gallery-icon landscape'>\n\t\t\t\t<a data-elementor-open-lightbox=\"yes\" data-elementor-lightbox-slideshow=\"4e407ac\" data-elementor-lightbox-title=\"DSC01236-1\" data-e-action-hash=\"#elementor-action%3Aaction%3Dlightbox%26settings%3DeyJpZCI6Mjc0MDcsInVybCI6Imh0dHBzOlwvXC9rdXJ0a295Z3VubHVra2lyYWxpay5jb21cL3dwLWNvbnRlbnRcL3VwbG9hZHNcLzIwMjFcLzA1XC9EU0MwMTIzNi0xLmpwZyIsInNsaWRlc2hvdyI6IjRlNDA3YWMifQ%3D%3D\" href='https:\/\/kurtkoygunlukkiralik.com\/wp-content\/uploads\/2021\/05\/DSC01236-1.jpg'><img fetchpriority=\"high\" decoding=\"async\" width=\"500\" height=\"500\" src=\"https:\/\/kurtkoygunlukkiralik.com\/wp-content\/uploads\/2021\/05\/DSC01236-1-500x500.jpg\" class=\"attachment-rsaddon-team-round-style size-rsaddon-team-round-style\" alt=\"\" srcset=\"https:\/\/kurtkoygunlukkiralik.com\/wp-content\/uploads\/2021\/05\/DSC01236-1-500x500.jpg 500w, https:\/\/kurtkoygunlukkiralik.com\/wp-content\/uploads\/2021\/05\/DSC01236-1-150x150.jpg 150w, https:\/\/kurtkoygunlukkiralik.com\/wp-content\/uploads\/2021\/05\/DSC01236-1-100x100.jpg 100w\" sizes=\"(max-width: 500px) 100vw, 500px\" \/><\/a>\n\t\t\t<\/div><\/figure><figure class='gallery-item'>\n\t\t\t<div class='gallery-icon landscape'>\n\t\t\t\t<a data-elementor-open-lightbox=\"yes\" data-elementor-lightbox-slideshow=\"4e407ac\" data-elementor-lightbox-title=\"DSC01241-1\" data-e-action-hash=\"#elementor-action%3Aaction%3Dlightbox%26settings%3DeyJpZCI6Mjc0ODcsInVybCI6Imh0dHBzOlwvXC9rdXJ0a295Z3VubHVra2lyYWxpay5jb21cL3dwLWNvbnRlbnRcL3VwbG9hZHNcLzIwMjRcLzAxXC9EU0MwMTI0MS0xLmpwZyIsInNsaWRlc2hvdyI6IjRlNDA3YWMifQ%3D%3D\" href='https:\/\/kurtkoygunlukkiralik.com\/wp-content\/uploads\/2024\/01\/DSC01241-1.jpg'><img decoding=\"async\" width=\"500\" height=\"500\" src=\"https:\/\/kurtkoygunlukkiralik.com\/wp-content\/uploads\/2024\/01\/DSC01241-1-500x500.jpg\" class=\"attachment-rsaddon-team-round-style size-rsaddon-team-round-style\" alt=\"\" srcset=\"https:\/\/kurtkoygunlukkiralik.com\/wp-content\/uploads\/2024\/01\/DSC01241-1-500x500.jpg 500w, https:\/\/kurtkoygunlukkiralik.com\/wp-content\/uploads\/2024\/01\/DSC01241-1-150x150.jpg 150w, https:\/\/kurtkoygunlukkiralik.com\/wp-content\/uploads\/2024\/01\/DSC01241-1-100x100.jpg 100w\" sizes=\"(max-width: 500px) 100vw, 500px\" \/><\/a>\n\t\t\t<\/div><\/figure><figure class='gallery-item'>\n\t\t\t<div class='gallery-icon landscape'>\n\t\t\t\t<a data-elementor-open-lightbox=\"yes\" data-elementor-lightbox-slideshow=\"4e407ac\" data-elementor-lightbox-title=\"DSC01234-1\" data-e-action-hash=\"#elementor-action%3Aaction%3Dlightbox%26settings%3DeyJpZCI6Mjc1MDUsInVybCI6Imh0dHBzOlwvXC9rdXJ0a295Z3VubHVra2lyYWxpay5jb21cL3dwLWNvbnRlbnRcL3VwbG9hZHNcLzIwMjRcLzAxXC9EU0MwMTIzNC0xLTEuanBnIiwic2xpZGVzaG93IjoiNGU0MDdhYyJ9\" href='https:\/\/kurtkoygunlukkiralik.com\/wp-content\/uploads\/2024\/01\/DSC01234-1-1.jpg'><img decoding=\"async\" width=\"500\" height=\"500\" src=\"https:\/\/kurtkoygunlukkiralik.com\/wp-content\/uploads\/2024\/01\/DSC01234-1-1-500x500.jpg\" class=\"attachment-rsaddon-team-round-style size-rsaddon-team-round-style\" alt=\"\" srcset=\"https:\/\/kurtkoygunlukkiralik.com\/wp-content\/uploads\/2024\/01\/DSC01234-1-1-500x500.jpg 500w, https:\/\/kurtkoygunlukkiralik.com\/wp-content\/uploads\/2024\/01\/DSC01234-1-1-150x150.jpg 150w, https:\/\/kurtkoygunlukkiralik.com\/wp-content\/uploads\/2024\/01\/DSC01234-1-1-100x100.jpg 100w\" sizes=\"(max-width: 500px) 100vw, 500px\" \/><\/a>\n\t\t\t<\/div><\/figure><figure class='gallery-item'>\n\t\t\t<div class='gallery-icon landscape'>\n\t\t\t\t<a data-elementor-open-lightbox=\"yes\" data-elementor-lightbox-slideshow=\"4e407ac\" data-elementor-lightbox-title=\"DSC01250 copy\" data-e-action-hash=\"#elementor-action%3Aaction%3Dlightbox%26settings%3DeyJpZCI6Mjc0ODgsInVybCI6Imh0dHBzOlwvXC9rdXJ0a295Z3VubHVra2lyYWxpay5jb21cL3dwLWNvbnRlbnRcL3VwbG9hZHNcLzIwMjRcLzAxXC9EU0MwMTI1MC1jb3B5LmpwZyIsInNsaWRlc2hvdyI6IjRlNDA3YWMifQ%3D%3D\" href='https:\/\/kurtkoygunlukkiralik.com\/wp-content\/uploads\/2024\/01\/DSC01250-copy.jpg'><img loading=\"lazy\" decoding=\"async\" width=\"500\" height=\"500\" src=\"https:\/\/kurtkoygunlukkiralik.com\/wp-content\/uploads\/2024\/01\/DSC01250-copy-500x500.jpg\" class=\"attachment-rsaddon-team-round-style size-rsaddon-team-round-style\" alt=\"\" srcset=\"https:\/\/kurtkoygunlukkiralik.com\/wp-content\/uploads\/2024\/01\/DSC01250-copy-500x500.jpg 500w, https:\/\/kurtkoygunlukkiralik.com\/wp-content\/uploads\/2024\/01\/DSC01250-copy-150x150.jpg 150w, https:\/\/kurtkoygunlukkiralik.com\/wp-content\/uploads\/2024\/01\/DSC01250-copy-100x100.jpg 100w\" sizes=\"(max-width: 500px) 100vw, 500px\" \/><\/a>\n\t\t\t<\/div><\/figure><figure class='gallery-item'>\n\t\t\t<div class='gallery-icon landscape'>\n\t\t\t\t<a data-elementor-open-lightbox=\"yes\" data-elementor-lightbox-slideshow=\"4e407ac\" data-elementor-lightbox-title=\"DSC01266-1\" data-e-action-hash=\"#elementor-action%3Aaction%3Dlightbox%26settings%3DeyJpZCI6Mjc1MDYsInVybCI6Imh0dHBzOlwvXC9rdXJ0a295Z3VubHVra2lyYWxpay5jb21cL3dwLWNvbnRlbnRcL3VwbG9hZHNcLzIwMjRcLzAxXC9EU0MwMTI2Ni0xLTEuanBnIiwic2xpZGVzaG93IjoiNGU0MDdhYyJ9\" href='https:\/\/kurtkoygunlukkiralik.com\/wp-content\/uploads\/2024\/01\/DSC01266-1-1.jpg'><img loading=\"lazy\" decoding=\"async\" width=\"500\" height=\"500\" src=\"https:\/\/kurtkoygunlukkiralik.com\/wp-content\/uploads\/2024\/01\/DSC01266-1-1-500x500.jpg\" class=\"attachment-rsaddon-team-round-style size-rsaddon-team-round-style\" alt=\"\" srcset=\"https:\/\/kurtkoygunlukkiralik.com\/wp-content\/uploads\/2024\/01\/DSC01266-1-1-500x500.jpg 500w, https:\/\/kurtkoygunlukkiralik.com\/wp-content\/uploads\/2024\/01\/DSC01266-1-1-150x150.jpg 150w, https:\/\/kurtkoygunlukkiralik.com\/wp-content\/uploads\/2024\/01\/DSC01266-1-1-100x100.jpg 100w\" sizes=\"(max-width: 500px) 100vw, 500px\" \/><\/a>\n\t\t\t<\/div><\/figure><figure class='gallery-item'>\n\t\t\t<div class='gallery-icon landscape'>\n\t\t\t\t<a data-elementor-open-lightbox=\"yes\" data-elementor-lightbox-slideshow=\"4e407ac\" data-elementor-lightbox-title=\"DSC01267-1\" data-e-action-hash=\"#elementor-action%3Aaction%3Dlightbox%26settings%3DeyJpZCI6Mjc0OTAsInVybCI6Imh0dHBzOlwvXC9rdXJ0a295Z3VubHVra2lyYWxpay5jb21cL3dwLWNvbnRlbnRcL3VwbG9hZHNcLzIwMjRcLzAxXC9EU0MwMTI2Ny0xLmpwZyIsInNsaWRlc2hvdyI6IjRlNDA3YWMifQ%3D%3D\" href='https:\/\/kurtkoygunlukkiralik.com\/wp-content\/uploads\/2024\/01\/DSC01267-1.jpg'><img loading=\"lazy\" decoding=\"async\" width=\"500\" height=\"500\" src=\"https:\/\/kurtkoygunlukkiralik.com\/wp-content\/uploads\/2024\/01\/DSC01267-1-500x500.jpg\" class=\"attachment-rsaddon-team-round-style size-rsaddon-team-round-style\" alt=\"\" srcset=\"https:\/\/kurtkoygunlukkiralik.com\/wp-content\/uploads\/2024\/01\/DSC01267-1-500x500.jpg 500w, https:\/\/kurtkoygunlukkiralik.com\/wp-content\/uploads\/2024\/01\/DSC01267-1-150x150.jpg 150w, https:\/\/kurtkoygunlukkiralik.com\/wp-content\/uploads\/2024\/01\/DSC01267-1-100x100.jpg 100w\" sizes=\"(max-width: 500px) 100vw, 500px\" \/><\/a>\n\t\t\t<\/div><\/figure><figure class='gallery-item'>\n\t\t\t<div class='gallery-icon landscape'>\n\t\t\t\t<a data-elementor-open-lightbox=\"yes\" data-elementor-lightbox-slideshow=\"4e407ac\" data-elementor-lightbox-title=\"Ads\u0131z tasar\u0131m - 1\" data-e-action-hash=\"#elementor-action%3Aaction%3Dlightbox%26settings%3DeyJpZCI6Mjc0OTEsInVybCI6Imh0dHBzOlwvXC9rdXJ0a295Z3VubHVra2lyYWxpay5jb21cL3dwLWNvbnRlbnRcL3VwbG9hZHNcLzIwMjRcLzAxXC9zaG9wLTEuanBnIiwic2xpZGVzaG93IjoiNGU0MDdhYyJ9\" href='https:\/\/kurtkoygunlukkiralik.com\/wp-content\/uploads\/2024\/01\/shop-1.jpg'><img loading=\"lazy\" decoding=\"async\" width=\"500\" height=\"500\" src=\"https:\/\/kurtkoygunlukkiralik.com\/wp-content\/uploads\/2024\/01\/shop-1-500x500.jpg\" class=\"attachment-rsaddon-team-round-style size-rsaddon-team-round-style\" alt=\"\" srcset=\"https:\/\/kurtkoygunlukkiralik.com\/wp-content\/uploads\/2024\/01\/shop-1-500x500.jpg 500w, https:\/\/kurtkoygunlukkiralik.com\/wp-content\/uploads\/2024\/01\/shop-1-150x150.jpg 150w, https:\/\/kurtkoygunlukkiralik.com\/wp-content\/uploads\/2024\/01\/shop-1-100x100.jpg 100w\" sizes=\"(max-width: 500px) 100vw, 500px\" \/><\/a>\n\t\t\t<\/div><\/figure><figure class='gallery-item'>\n\t\t\t<div class='gallery-icon portrait'>\n\t\t\t\t<a data-elementor-open-lightbox=\"yes\" data-elementor-lightbox-slideshow=\"4e407ac\" data-elementor-lightbox-title=\"DSC01259 copy\" data-e-action-hash=\"#elementor-action%3Aaction%3Dlightbox%26settings%3DeyJpZCI6Mjc0ODksInVybCI6Imh0dHBzOlwvXC9rdXJ0a295Z3VubHVra2lyYWxpay5jb21cL3dwLWNvbnRlbnRcL3VwbG9hZHNcLzIwMjRcLzAxXC9EU0MwMTI1OS1jb3B5LmpwZyIsInNsaWRlc2hvdyI6IjRlNDA3YWMifQ%3D%3D\" href='https:\/\/kurtkoygunlukkiralik.com\/wp-content\/uploads\/2024\/01\/DSC01259-copy.jpg'><img loading=\"lazy\" decoding=\"async\" width=\"500\" height=\"500\" src=\"https:\/\/kurtkoygunlukkiralik.com\/wp-content\/uploads\/2024\/01\/DSC01259-copy-500x500.jpg\" class=\"attachment-rsaddon-team-round-style size-rsaddon-team-round-style\" alt=\"\" srcset=\"https:\/\/kurtkoygunlukkiralik.com\/wp-content\/uploads\/2024\/01\/DSC01259-copy-500x500.jpg 500w, https:\/\/kurtkoygunlukkiralik.com\/wp-content\/uploads\/2024\/01\/DSC01259-copy-150x150.jpg 150w, https:\/\/kurtkoygunlukkiralik.com\/wp-content\/uploads\/2024\/01\/DSC01259-copy-100x100.jpg 100w\" sizes=\"(max-width: 500px) 100vw, 500px\" \/><\/a>\n\t\t\t<\/div><\/figure><figure class='gallery-item'>\n\t\t\t<div class='gallery-icon landscape'>\n\t\t\t\t<a data-elementor-open-lightbox=\"yes\" data-elementor-lightbox-slideshow=\"4e407ac\" data-elementor-lightbox-title=\"DSC01301-1\" data-e-action-hash=\"#elementor-action%3Aaction%3Dlightbox%26settings%3DeyJpZCI6MjczNzgsInVybCI6Imh0dHBzOlwvXC9rdXJ0a295Z3VubHVra2lyYWxpay5jb21cL3dwLWNvbnRlbnRcL3VwbG9hZHNcLzIwMjRcLzAxXC9EU0MwMTMwMS0xLWUxNzA1NDgyMTYzMTg4LmpwZyIsInNsaWRlc2hvdyI6IjRlNDA3YWMifQ%3D%3D\" href='https:\/\/kurtkoygunlukkiralik.com\/wp-content\/uploads\/2024\/01\/DSC01301-1-e1705482163188.jpg'><img loading=\"lazy\" decoding=\"async\" width=\"500\" height=\"500\" src=\"https:\/\/kurtkoygunlukkiralik.com\/wp-content\/uploads\/2024\/01\/DSC01301-1-e1705482163188-500x500.jpg\" class=\"attachment-rsaddon-team-round-style size-rsaddon-team-round-style\" alt=\"\" srcset=\"https:\/\/kurtkoygunlukkiralik.com\/wp-content\/uploads\/2024\/01\/DSC01301-1-e1705482163188-500x500.jpg 500w, https:\/\/kurtkoygunlukkiralik.com\/wp-content\/uploads\/2024\/01\/DSC01301-1-e1705482163188-150x150.jpg 150w, https:\/\/kurtkoygunlukkiralik.com\/wp-content\/uploads\/2024\/01\/DSC01301-1-e1705482163188-100x100.jpg 100w\" sizes=\"(max-width: 500px) 100vw, 500px\" \/><\/a>\n\t\t\t<\/div><\/figure><figure class='gallery-item'>\n\t\t\t<div class='gallery-icon landscape'>\n\t\t\t\t<a data-elementor-open-lightbox=\"yes\" data-elementor-lightbox-slideshow=\"4e407ac\" data-elementor-lightbox-title=\"DSC01311-1\" data-e-action-hash=\"#elementor-action%3Aaction%3Dlightbox%26settings%3DeyJpZCI6Mjc1MDAsInVybCI6Imh0dHBzOlwvXC9rdXJ0a295Z3VubHVra2lyYWxpay5jb21cL3dwLWNvbnRlbnRcL3VwbG9hZHNcLzIwMjRcLzAxXC9EU0MwMTMxMS0xLmpwZyIsInNsaWRlc2hvdyI6IjRlNDA3YWMifQ%3D%3D\" href='https:\/\/kurtkoygunlukkiralik.com\/wp-content\/uploads\/2024\/01\/DSC01311-1.jpg'><img loading=\"lazy\" decoding=\"async\" width=\"500\" height=\"500\" src=\"https:\/\/kurtkoygunlukkiralik.com\/wp-content\/uploads\/2024\/01\/DSC01311-1-500x500.jpg\" class=\"attachment-rsaddon-team-round-style size-rsaddon-team-round-style\" alt=\"\" srcset=\"https:\/\/kurtkoygunlukkiralik.com\/wp-content\/uploads\/2024\/01\/DSC01311-1-500x500.jpg 500w, https:\/\/kurtkoygunlukkiralik.com\/wp-content\/uploads\/2024\/01\/DSC01311-1-150x150.jpg 150w, https:\/\/kurtkoygunlukkiralik.com\/wp-content\/uploads\/2024\/01\/DSC01311-1-100x100.jpg 100w\" sizes=\"(max-width: 500px) 100vw, 500px\" \/><\/a>\n\t\t\t<\/div><\/figure><figure class='gallery-item'>\n\t\t\t<div class='gallery-icon landscape'>\n\t\t\t\t<a data-elementor-open-lightbox=\"yes\" data-elementor-lightbox-slideshow=\"4e407ac\" data-elementor-lightbox-title=\"DSC01293-1\" data-e-action-hash=\"#elementor-action%3Aaction%3Dlightbox%26settings%3DeyJpZCI6Mjc0OTksInVybCI6Imh0dHBzOlwvXC9rdXJ0a295Z3VubHVra2lyYWxpay5jb21cL3dwLWNvbnRlbnRcL3VwbG9hZHNcLzIwMjRcLzAxXC9EU0MwMTI5My0xLmpwZyIsInNsaWRlc2hvdyI6IjRlNDA3YWMifQ%3D%3D\" href='https:\/\/kurtkoygunlukkiralik.com\/wp-content\/uploads\/2024\/01\/DSC01293-1.jpg'><img loading=\"lazy\" decoding=\"async\" width=\"500\" height=\"500\" src=\"https:\/\/kurtkoygunlukkiralik.com\/wp-content\/uploads\/2024\/01\/DSC01293-1-500x500.jpg\" class=\"attachment-rsaddon-team-round-style size-rsaddon-team-round-style\" alt=\"\" srcset=\"https:\/\/kurtkoygunlukkiralik.com\/wp-content\/uploads\/2024\/01\/DSC01293-1-500x500.jpg 500w, https:\/\/kurtkoygunlukkiralik.com\/wp-content\/uploads\/2024\/01\/DSC01293-1-150x150.jpg 150w, https:\/\/kurtkoygunlukkiralik.com\/wp-content\/uploads\/2024\/01\/DSC01293-1-100x100.jpg 100w\" sizes=\"(max-width: 500px) 100vw, 500px\" \/><\/a>\n\t\t\t<\/div><\/figure><figure class='gallery-item'>\n\t\t\t<div class='gallery-icon landscape'>\n\t\t\t\t<a data-elementor-open-lightbox=\"yes\" data-elementor-lightbox-slideshow=\"4e407ac\" data-elementor-lightbox-title=\"DSC01324-1\" data-e-action-hash=\"#elementor-action%3Aaction%3Dlightbox%26settings%3DeyJpZCI6Mjc1MDEsInVybCI6Imh0dHBzOlwvXC9rdXJ0a295Z3VubHVra2lyYWxpay5jb21cL3dwLWNvbnRlbnRcL3VwbG9hZHNcLzIwMjRcLzAxXC9EU0MwMTMyNC0xLmpwZyIsInNsaWRlc2hvdyI6IjRlNDA3YWMifQ%3D%3D\" href='https:\/\/kurtkoygunlukkiralik.com\/wp-content\/uploads\/2024\/01\/DSC01324-1.jpg'><img loading=\"lazy\" decoding=\"async\" width=\"500\" height=\"500\" src=\"https:\/\/kurtkoygunlukkiralik.com\/wp-content\/uploads\/2024\/01\/DSC01324-1-500x500.jpg\" class=\"attachment-rsaddon-team-round-style size-rsaddon-team-round-style\" alt=\"\" srcset=\"https:\/\/kurtkoygunlukkiralik.com\/wp-content\/uploads\/2024\/01\/DSC01324-1-500x500.jpg 500w, https:\/\/kurtkoygunlukkiralik.com\/wp-content\/uploads\/2024\/01\/DSC01324-1-150x150.jpg 150w, https:\/\/kurtkoygunlukkiralik.com\/wp-content\/uploads\/2024\/01\/DSC01324-1-100x100.jpg 100w\" sizes=\"(max-width: 500px) 100vw, 500px\" \/><\/a>\n\t\t\t<\/div><\/figure><figure class='gallery-item'>\n\t\t\t<div class='gallery-icon landscape'>\n\t\t\t\t<a data-elementor-open-lightbox=\"yes\" data-elementor-lightbox-slideshow=\"4e407ac\" data-elementor-lightbox-title=\"resim-1\" data-e-action-hash=\"#elementor-action%3Aaction%3Dlightbox%26settings%3DeyJpZCI6MjczOTMsInVybCI6Imh0dHBzOlwvXC9rdXJ0a295Z3VubHVra2lyYWxpay5jb21cL3dwLWNvbnRlbnRcL3VwbG9hZHNcLzIwMjFcLzA1XC9yZXNpbS0xLmpwZWciLCJzbGlkZXNob3ciOiI0ZTQwN2FjIn0%3D\" href='https:\/\/kurtkoygunlukkiralik.com\/wp-content\/uploads\/2021\/05\/resim-1.jpeg'><img loading=\"lazy\" decoding=\"async\" width=\"500\" height=\"500\" src=\"https:\/\/kurtkoygunlukkiralik.com\/wp-content\/uploads\/2021\/05\/resim-1-500x500.jpeg\" class=\"attachment-rsaddon-team-round-style size-rsaddon-team-round-style\" alt=\"\" srcset=\"https:\/\/kurtkoygunlukkiralik.com\/wp-content\/uploads\/2021\/05\/resim-1-500x500.jpeg 500w, https:\/\/kurtkoygunlukkiralik.com\/wp-content\/uploads\/2021\/05\/resim-1-150x150.jpeg 150w, https:\/\/kurtkoygunlukkiralik.com\/wp-content\/uploads\/2021\/05\/resim-1-1000x1000.jpeg 1000w, https:\/\/kurtkoygunlukkiralik.com\/wp-content\/uploads\/2021\/05\/resim-1-100x100.jpeg 100w\" sizes=\"(max-width: 500px) 100vw, 500px\" \/><\/a>\n\t\t\t<\/div><\/figure><figure class='gallery-item'>\n\t\t\t<div class='gallery-icon landscape'>\n\t\t\t\t<a data-elementor-open-lightbox=\"yes\" data-elementor-lightbox-slideshow=\"4e407ac\" data-elementor-lightbox-title=\"resim-2\" data-e-action-hash=\"#elementor-action%3Aaction%3Dlightbox%26settings%3DeyJpZCI6Mjc0OTcsInVybCI6Imh0dHBzOlwvXC9rdXJ0a295Z3VubHVra2lyYWxpay5jb21cL3dwLWNvbnRlbnRcL3VwbG9hZHNcLzIwMjRcLzAxXC9yZXNpbS0yLmpwZWciLCJzbGlkZXNob3ciOiI0ZTQwN2FjIn0%3D\" href='https:\/\/kurtkoygunlukkiralik.com\/wp-content\/uploads\/2024\/01\/resim-2.jpeg'><img loading=\"lazy\" decoding=\"async\" width=\"500\" height=\"500\" src=\"https:\/\/kurtkoygunlukkiralik.com\/wp-content\/uploads\/2024\/01\/resim-2-500x500.jpeg\" class=\"attachment-rsaddon-team-round-style size-rsaddon-team-round-style\" alt=\"\" srcset=\"https:\/\/kurtkoygunlukkiralik.com\/wp-content\/uploads\/2024\/01\/resim-2-500x500.jpeg 500w, https:\/\/kurtkoygunlukkiralik.com\/wp-content\/uploads\/2024\/01\/resim-2-150x150.jpeg 150w, https:\/\/kurtkoygunlukkiralik.com\/wp-content\/uploads\/2024\/01\/resim-2-1000x1000.jpeg 1000w, https:\/\/kurtkoygunlukkiralik.com\/wp-content\/uploads\/2024\/01\/resim-2-100x100.jpeg 100w\" sizes=\"(max-width: 500px) 100vw, 500px\" \/><\/a>\n\t\t\t<\/div><\/figure><figure class='gallery-item'>\n\t\t\t<div class='gallery-icon landscape'>\n\t\t\t\t<a data-elementor-open-lightbox=\"yes\" data-elementor-lightbox-slideshow=\"4e407ac\" data-elementor-lightbox-title=\"blue copy\" data-e-action-hash=\"#elementor-action%3Aaction%3Dlightbox%26settings%3DeyJpZCI6Mjc0OTYsInVybCI6Imh0dHBzOlwvXC9rdXJ0a295Z3VubHVra2lyYWxpay5jb21cL3dwLWNvbnRlbnRcL3VwbG9hZHNcLzIwMjRcLzAxXC9ibHVlLWNvcHkuanBnIiwic2xpZGVzaG93IjoiNGU0MDdhYyJ9\" href='https:\/\/kurtkoygunlukkiralik.com\/wp-content\/uploads\/2024\/01\/blue-copy.jpg'><img loading=\"lazy\" decoding=\"async\" width=\"500\" height=\"500\" src=\"https:\/\/kurtkoygunlukkiralik.com\/wp-content\/uploads\/2024\/01\/blue-copy-500x500.jpg\" class=\"attachment-rsaddon-team-round-style size-rsaddon-team-round-style\" alt=\"\" srcset=\"https:\/\/kurtkoygunlukkiralik.com\/wp-content\/uploads\/2024\/01\/blue-copy-500x500.jpg 500w, https:\/\/kurtkoygunlukkiralik.com\/wp-content\/uploads\/2024\/01\/blue-copy-150x150.jpg 150w, https:\/\/kurtkoygunlukkiralik.com\/wp-content\/uploads\/2024\/01\/blue-copy-100x100.jpg 100w\" sizes=\"(max-width: 500px) 100vw, 500px\" \/><\/a>\n\t\t\t<\/div><\/figure><figure class='gallery-item'>\n\t\t\t<div class='gallery-icon landscape'>\n\t\t\t\t<a data-elementor-open-lightbox=\"yes\" data-elementor-lightbox-slideshow=\"4e407ac\" data-elementor-lightbox-title=\"DSC01473-1\" data-e-action-hash=\"#elementor-action%3Aaction%3Dlightbox%26settings%3DeyJpZCI6MjczNzksInVybCI6Imh0dHBzOlwvXC9rdXJ0a295Z3VubHVra2lyYWxpay5jb21cL3dwLWNvbnRlbnRcL3VwbG9hZHNcLzIwMjRcLzAxXC9EU0MwMTQ3My0xLmpwZyIsInNsaWRlc2hvdyI6IjRlNDA3YWMifQ%3D%3D\" href='https:\/\/kurtkoygunlukkiralik.com\/wp-content\/uploads\/2024\/01\/DSC01473-1.jpg'><img loading=\"lazy\" decoding=\"async\" width=\"500\" height=\"500\" src=\"https:\/\/kurtkoygunlukkiralik.com\/wp-content\/uploads\/2024\/01\/DSC01473-1-500x500.jpg\" class=\"attachment-rsaddon-team-round-style size-rsaddon-team-round-style\" alt=\"\" srcset=\"https:\/\/kurtkoygunlukkiralik.com\/wp-content\/uploads\/2024\/01\/DSC01473-1-500x500.jpg 500w, https:\/\/kurtkoygunlukkiralik.com\/wp-content\/uploads\/2024\/01\/DSC01473-1-150x150.jpg 150w, https:\/\/kurtkoygunlukkiralik.com\/wp-content\/uploads\/2024\/01\/DSC01473-1-100x100.jpg 100w\" sizes=\"(max-width: 500px) 100vw, 500px\" \/><\/a>\n\t\t\t<\/div><\/figure>\n\t\t<\/div>\n\t\t<\/div>\n\t\t\t\t<\/div>\n\t\t\t\t<\/div>\n\t\t\t\t\t<\/div>\n\t\t\t\t<\/div>\n\t\t\t\t\t\t\t<\/div>\n\t\t","protected":false},"excerpt":{"rendered":"<p>Odalar\u0131m\u0131zOdalar\u0131m\u0131z Odalar\u0131m\u0131z, konfor, \u015f\u0131kl\u0131k ve pratik kullan\u0131m\u0131 bir araya getirerek konuklar\u0131m\u0131za unutulmaz bir konaklama deneyimi sunmak \u00fczere \u00f6zenle tasarlanm\u0131\u015ft\u0131r.<\/p>\n","protected":false},"author":1,"featured_media":0,"parent":0,"menu_order":0,"comment_status":"closed","ping_status":"closed","template":"","meta":{"om_disable_all_campaigns":false,"_monsterinsights_skip_tracking":false,"_monsterinsights_sitenote_active":false,"_monsterinsights_sitenote_note":"","_monsterinsights_sitenote_category":0,"footnotes":""},"class_list":["post-23284","page","type-page","status-publish","hentry"],"aioseo_notices":[],"_links":{"self":[{"href":"https:\/\/kurtkoygunlukkiralik.com\/index.php\/wp-json\/wp\/v2\/pages\/23284","targetHints":{"allow":["GET"]}}],"collection":[{"href":"https:\/\/kurtkoygunlukkiralik.com\/index.php\/wp-json\/wp\/v2\/pages"}],"about":[{"href":"https:\/\/kurtkoygunlukkiralik.com\/index.php\/wp-json\/wp\/v2\/types\/page"}],"author":[{"embeddable":true,"href":"https:\/\/kurtkoygunlukkiralik.com\/index.php\/wp-json\/wp\/v2\/users\/1"}],"replies":[{"embeddable":true,"href":"https:\/\/kurtkoygunlukkiralik.com\/index.php\/wp-json\/wp\/v2\/comments?post=23284"}],"version-history":[{"count":13,"href":"https:\/\/kurtkoygunlukkiralik.com\/index.php\/wp-json\/wp\/v2\/pages\/23284\/revisions"}],"predecessor-version":[{"id":27510,"href":"https:\/\/kurtkoygunlukkiralik.com\/index.php\/wp-json\/wp\/v2\/pages\/23284\/revisions\/27510"}],"wp:attachment":[{"href":"https:\/\/kurtkoygunlukkiralik.com\/index.php\/wp-json\/wp\/v2\/media?parent=23284"}],"curies":[{"name":"wp","href":"https:\/\/api.w.org\/{rel}","templated":true}]}}